{"id":4699,"date":"2026-02-21T15:54:12","date_gmt":"2026-02-21T12:54:12","guid":{"rendered":"https:\/\/www.englishguru.com\/blog\/tr\/?page_id=4699"},"modified":"2026-03-04T17:11:59","modified_gmt":"2026-03-04T14:11:59","slug":"cocuklar-icin-ingilizce","status":"publish","type":"page","link":"https:\/\/www.englishguru.com\/blog\/tr\/cocuklar-icin-ingilizce\/","title":{"rendered":"\u00c7ocuklar i\u00e7in \u0130ngilizce"},"content":{"rendered":"\t\t<div data-elementor-type=\"wp-page\" data-elementor-id=\"4699\" class=\"elementor elementor-4699\" data-elementor-post-type=\"page\">\n\t\t\t\t<a class=\"elementor-element elementor-element-082eca1 e-flex e-con-boxed e-con e-parent\" data-id=\"082eca1\" data-element_type=\"container\" data-e-type=\"container\" data-settings=\"{&quot;background_background&quot;:&quot;classic&quot;}\" href=\"#elementor-action%3Aaction%3Dpopup%3Aopen%26settings%3DeyJpZCI6IjQyMjUiLCJ0b2dnbGUiOmZhbHNlfQ%3D%3D\">\n\t\t\t\t\t<div class=\"e-con-inner\">\n\t\t<div class=\"elementor-element elementor-element-4a419cd e-con-full e-flex e-con e-child\" data-id=\"4a419cd\" data-element_type=\"container\" data-e-type=\"container\">\n\t\t<div class=\"elementor-element elementor-element-5c13fdb e-grid e-con-full elementor-hidden-mobile e-con e-child\" data-id=\"5c13fdb\" data-element_type=\"container\" data-e-type=\"container\">\n\t\t\t\t<div class=\"elementor-element elementor-element-662892b elementor-widget elementor-widget-image\" data-id=\"662892b\" data-element_type=\"widget\" data-e-type=\"widget\" data-widget_type=\"image.default\">\n\t\t\t\t\t\t\t\t\t\t\t\t\t\t\t<img fetchpriority=\"high\" decoding=\"async\" width=\"800\" height=\"450\" src=\"https:\/\/www.englishguru.com\/blog\/tr\/wp-content\/uploads\/2026\/02\/englishguru-newlogo.webp\" class=\"attachment-large size-large wp-image-4186\" alt=\"\" srcset=\"https:\/\/www.englishguru.com\/blog\/tr\/wp-content\/uploads\/2026\/02\/englishguru-newlogo.webp 800w, https:\/\/www.englishguru.com\/blog\/tr\/wp-content\/uploads\/2026\/02\/englishguru-newlogo-300x169.webp 300w, https:\/\/www.englishguru.com\/blog\/tr\/wp-content\/uploads\/2026\/02\/englishguru-newlogo-768x432.webp 768w\" sizes=\"(max-width: 800px) 100vw, 800px\" \/>\t\t\t\t\t\t\t\t\t\t\t\t\t\t\t<\/div>\n\t\t\t\t<div class=\"elementor-element elementor-element-e15af03 elementor-widget elementor-widget-heading\" data-id=\"e15af03\" data-element_type=\"widget\" data-e-type=\"widget\" data-widget_type=\"heading.default\">\n\t\t\t\t\t<p class=\"elementor-heading-title elementor-size-default\">|  Blog<\/p>\t\t\t\t<\/div>\n\t\t\t\t<\/div>\n\t\t<div class=\"elementor-element elementor-element-26f01a5 e-grid e-con-full e-con e-child\" data-id=\"26f01a5\" data-element_type=\"container\" data-e-type=\"container\">\n\t\t\t\t<div class=\"elementor-element elementor-element-537ece9 elementor-widget elementor-widget-heading\" data-id=\"537ece9\" data-element_type=\"widget\" data-e-type=\"widget\" data-widget_type=\"heading.default\">\n\t\t\t\t\t<h2 class=\"elementor-heading-title elementor-size-default\">\u0130ngilizce \u00f6\u011frenmek i\u00e7in arad\u0131\u011f\u0131n\u0131z her \u015fey<\/h2>\t\t\t\t<\/div>\n\t\t\t\t<div class=\"elementor-element elementor-element-4860ac3 elementor-widget elementor-widget-heading\" data-id=\"4860ac3\" data-element_type=\"widget\" data-e-type=\"widget\" data-widget_type=\"heading.default\">\n\t\t\t\t\t<h2 class=\"elementor-heading-title elementor-size-default\">English Guru Blog'da<\/h2>\t\t\t\t<\/div>\n\t\t\t\t<div class=\"elementor-element elementor-element-16b418b elementor-widget elementor-widget-heading\" data-id=\"16b418b\" data-element_type=\"widget\" data-e-type=\"widget\" data-widget_type=\"heading.default\">\n\t\t\t\t\t<h2 class=\"elementor-heading-title elementor-size-default\">Hemen Bigi Al<\/h2>\t\t\t\t<\/div>\n\t\t\t\t<\/div>\n\t\t\t\t<\/div>\n\t\t<div class=\"elementor-element elementor-element-af86083 e-con-full e-flex e-con e-child\" data-id=\"af86083\" data-element_type=\"container\" data-e-type=\"container\">\n\t\t\t\t<div class=\"elementor-element elementor-element-42108b3 elementor-widget elementor-widget-image\" data-id=\"42108b3\" data-element_type=\"widget\" data-e-type=\"widget\" data-widget_type=\"image.default\">\n\t\t\t\t\t\t\t\t\t\t\t\t\t\t\t<img decoding=\"async\" width=\"400\" height=\"300\" src=\"https:\/\/www.englishguru.com\/blog\/tr\/wp-content\/uploads\/2026\/02\/englishguru-blog-cocuk-banner.webp\" class=\"attachment-full size-full wp-image-4246\" alt=\"\" srcset=\"https:\/\/www.englishguru.com\/blog\/tr\/wp-content\/uploads\/2026\/02\/englishguru-blog-cocuk-banner.webp 400w, https:\/\/www.englishguru.com\/blog\/tr\/wp-content\/uploads\/2026\/02\/englishguru-blog-cocuk-banner-300x225.webp 300w\" sizes=\"(max-width: 400px) 100vw, 400px\" \/>\t\t\t\t\t\t\t\t\t\t\t\t\t\t\t<\/div>\n\t\t\t\t<\/div>\n\t\t\t\t\t<\/div>\n\t\t\t\t<\/a>\n\t\t<div class=\"elementor-element elementor-element-4fe5949 e-flex e-con-boxed e-con e-parent\" data-id=\"4fe5949\" data-element_type=\"container\" data-e-type=\"container\">\n\t\t\t\t\t<div class=\"e-con-inner\">\n\t\t\t\t<div class=\"elementor-element elementor-element-57bdbe5 elementor-grid-mobile-2 elementor-posts--align-center elementor-grid-3 elementor-grid-tablet-2 elementor-posts--thumbnail-top elementor-card-shadow-yes elementor-posts__hover-gradient elementor-widget elementor-widget-posts\" data-id=\"57bdbe5\" data-element_type=\"widget\" data-e-type=\"widget\" data-settings=\"{&quot;pagination_type&quot;:&quot;numbers_and_prev_next&quot;,&quot;cards_row_gap&quot;:{&quot;unit&quot;:&quot;px&quot;,&quot;size&quot;:37,&quot;sizes&quot;:[]},&quot;cards_columns_mobile&quot;:&quot;2&quot;,&quot;cards_row_gap_mobile&quot;:{&quot;unit&quot;:&quot;px&quot;,&quot;size&quot;:25,&quot;sizes&quot;:[]},&quot;cards_columns&quot;:&quot;3&quot;,&quot;cards_columns_tablet&quot;:&quot;2&quot;,&quot;cards_row_gap_tablet&quot;:{&quot;unit&quot;:&quot;px&quot;,&quot;size&quot;:&quot;&quot;,&quot;sizes&quot;:[]}}\" data-widget_type=\"posts.cards\">\n\t\t\t\t<div class=\"elementor-widget-container\">\n\t\t\t\t\t\t\t<div class=\"elementor-posts-container elementor-posts elementor-posts--skin-cards elementor-grid\" role=\"list\">\n\t\t\t\t<article class=\"elementor-post elementor-grid-item post-5027 post type-post status-publish format-standard has-post-thumbnail hentry category-cocuklar-icin-ingilizce category-ingilizce-ogrenme-ipuclari\" role=\"listitem\">\n\t\t\t<div class=\"elementor-post__card\">\n\t\t\t\t<a class=\"elementor-post__thumbnail__link\" href=\"https:\/\/www.englishguru.com\/blog\/tr\/dil-ogrenmek-icin-en-uygun-yas-araligi-hangisi\/\" tabindex=\"-1\" ><div class=\"elementor-post__thumbnail\"><img decoding=\"async\" width=\"300\" height=\"200\" src=\"https:\/\/www.englishguru.com\/blog\/tr\/wp-content\/uploads\/2026\/03\/compressed-tinyjpg-back-view-of-kids-raising-hands-enjoying-english-l-2026-01-08-07-39-41-utc-300x200.jpg\" class=\"attachment-medium size-medium wp-image-5032\" alt=\"\" srcset=\"https:\/\/www.englishguru.com\/blog\/tr\/wp-content\/uploads\/2026\/03\/compressed-tinyjpg-back-view-of-kids-raising-hands-enjoying-english-l-2026-01-08-07-39-41-utc-300x200.jpg 300w, https:\/\/www.englishguru.com\/blog\/tr\/wp-content\/uploads\/2026\/03\/compressed-tinyjpg-back-view-of-kids-raising-hands-enjoying-english-l-2026-01-08-07-39-41-utc-768x511.jpg 768w, https:\/\/www.englishguru.com\/blog\/tr\/wp-content\/uploads\/2026\/03\/compressed-tinyjpg-back-view-of-kids-raising-hands-enjoying-english-l-2026-01-08-07-39-41-utc.jpg 972w\" sizes=\"(max-width: 300px) 100vw, 300px\" \/><\/div><\/a>\n\t\t\t\t<div class=\"elementor-post__text\">\n\t\t\t\t<h3 class=\"elementor-post__title\">\n\t\t\t<a href=\"https:\/\/www.englishguru.com\/blog\/tr\/dil-ogrenmek-icin-en-uygun-yas-araligi-hangisi\/\" >\n\t\t\t\tDil \u00f6\u011frenmek i\u00e7in en uygun ya\u015f aral\u0131\u011f\u0131 hangisi?\t\t\t<\/a>\n\t\t<\/h3>\n\t\t\t\t<\/div>\n\t\t\t\t<div class=\"elementor-post__meta-data\">\n\t\t\t\t\t<span class=\"elementor-post-date\">\n\t\t\t15 Mart 2026\t\t<\/span>\n\t\t\t\t<\/div>\n\t\t\t\t\t<\/div>\n\t\t<\/article>\n\t\t\t\t<article class=\"elementor-post elementor-grid-item post-967 post type-post status-publish format-standard has-post-thumbnail hentry category-cocuklar-icin-ingilizce\" role=\"listitem\">\n\t\t\t<div class=\"elementor-post__card\">\n\t\t\t\t<a class=\"elementor-post__thumbnail__link\" href=\"https:\/\/www.englishguru.com\/blog\/tr\/4-13-yas-arasindaki-cocuklari-ingilizceye-tesvik-etmek\/\" tabindex=\"-1\" ><div class=\"elementor-post__thumbnail\"><img loading=\"lazy\" decoding=\"async\" width=\"300\" height=\"200\" src=\"https:\/\/www.englishguru.com\/blog\/tr\/wp-content\/uploads\/2022\/11\/4-12-yas-arasindaki-cocuklari-ingilizceye-tesvik-etmek-300x200.jpg\" class=\"attachment-medium size-medium wp-image-968\" alt=\"4-13 Ya\u015f Aras\u0131ndaki \u00c7ocuklar\u0131 \u0130ngilizceye Te\u015fvik Etmek\" srcset=\"https:\/\/www.englishguru.com\/blog\/tr\/wp-content\/uploads\/2022\/11\/4-12-yas-arasindaki-cocuklari-ingilizceye-tesvik-etmek-300x200.jpg 300w, https:\/\/www.englishguru.com\/blog\/tr\/wp-content\/uploads\/2022\/11\/4-12-yas-arasindaki-cocuklari-ingilizceye-tesvik-etmek-1024x683.jpg 1024w, https:\/\/www.englishguru.com\/blog\/tr\/wp-content\/uploads\/2022\/11\/4-12-yas-arasindaki-cocuklari-ingilizceye-tesvik-etmek-768x512.jpg 768w, https:\/\/www.englishguru.com\/blog\/tr\/wp-content\/uploads\/2022\/11\/4-12-yas-arasindaki-cocuklari-ingilizceye-tesvik-etmek.jpg 1200w\" sizes=\"(max-width: 300px) 100vw, 300px\" \/><\/div><\/a>\n\t\t\t\t<div class=\"elementor-post__text\">\n\t\t\t\t<h3 class=\"elementor-post__title\">\n\t\t\t<a href=\"https:\/\/www.englishguru.com\/blog\/tr\/4-13-yas-arasindaki-cocuklari-ingilizceye-tesvik-etmek\/\" >\n\t\t\t\t4-13 Ya\u015f Aras\u0131ndaki \u00c7ocuklar\u0131 \u0130ngilizceye Te\u015fvik Etmek\t\t\t<\/a>\n\t\t<\/h3>\n\t\t\t\t<\/div>\n\t\t\t\t<div class=\"elementor-post__meta-data\">\n\t\t\t\t\t<span class=\"elementor-post-date\">\n\t\t\t1 Kas\u0131m 2022\t\t<\/span>\n\t\t\t\t<\/div>\n\t\t\t\t\t<\/div>\n\t\t<\/article>\n\t\t\t\t<article class=\"elementor-post elementor-grid-item post-915 post type-post status-publish format-standard has-post-thumbnail hentry category-cocuklar-icin-ingilizce\" role=\"listitem\">\n\t\t\t<div class=\"elementor-post__card\">\n\t\t\t\t<a class=\"elementor-post__thumbnail__link\" href=\"https:\/\/www.englishguru.com\/blog\/tr\/erken-yasta-ingilizce-ogrenmenin-avantajlari\/\" tabindex=\"-1\" ><div class=\"elementor-post__thumbnail\"><img loading=\"lazy\" decoding=\"async\" width=\"300\" height=\"200\" src=\"https:\/\/www.englishguru.com\/blog\/tr\/wp-content\/uploads\/2022\/10\/erken-yasta-ingilizce-ogrenmenin-avantajlari-300x200.jpg\" class=\"attachment-medium size-medium wp-image-918\" alt=\"Erken Ya\u015fta \u0130ngilizce \u00d6\u011frenmenin Avantajlar\u0131\" srcset=\"https:\/\/www.englishguru.com\/blog\/tr\/wp-content\/uploads\/2022\/10\/erken-yasta-ingilizce-ogrenmenin-avantajlari-300x200.jpg 300w, https:\/\/www.englishguru.com\/blog\/tr\/wp-content\/uploads\/2022\/10\/erken-yasta-ingilizce-ogrenmenin-avantajlari-1024x683.jpg 1024w, https:\/\/www.englishguru.com\/blog\/tr\/wp-content\/uploads\/2022\/10\/erken-yasta-ingilizce-ogrenmenin-avantajlari-768x512.jpg 768w, https:\/\/www.englishguru.com\/blog\/tr\/wp-content\/uploads\/2022\/10\/erken-yasta-ingilizce-ogrenmenin-avantajlari.jpg 1200w\" sizes=\"(max-width: 300px) 100vw, 300px\" \/><\/div><\/a>\n\t\t\t\t<div class=\"elementor-post__text\">\n\t\t\t\t<h3 class=\"elementor-post__title\">\n\t\t\t<a href=\"https:\/\/www.englishguru.com\/blog\/tr\/erken-yasta-ingilizce-ogrenmenin-avantajlari\/\" >\n\t\t\t\tErken Ya\u015fta \u0130ngilizce \u00d6\u011frenmenin Avantajlar\u0131\t\t\t<\/a>\n\t\t<\/h3>\n\t\t\t\t<\/div>\n\t\t\t\t<div class=\"elementor-post__meta-data\">\n\t\t\t\t\t<span class=\"elementor-post-date\">\n\t\t\t24 Ekim 2022\t\t<\/span>\n\t\t\t\t<\/div>\n\t\t\t\t\t<\/div>\n\t\t<\/article>\n\t\t\t\t<\/div>\n\t\t\n\t\t\t\t\t\t<\/div>\n\t\t\t\t<\/div>\n\t\t\t\t\t<\/div>\n\t\t\t\t<\/div>\n\t\t\t\t<\/div>\n\t\t","protected":false},"excerpt":{"rendered":"<p>| Blog \u0130ngilizce \u00f6\u011frenmek i\u00e7in arad\u0131\u011f\u0131n\u0131z her \u015fey English Guru Blog&#8217;da Hemen Bigi Al<\/p>\n","protected":false},"author":1,"featured_media":0,"parent":0,"menu_order":0,"comment_status":"closed","ping_status":"closed","template":"","meta":{"footnotes":""},"class_list":["post-4699","page","type-page","status-publish","hentry"],"_links":{"self":[{"href":"https:\/\/www.englishguru.com\/blog\/tr\/wp-json\/wp\/v2\/pages\/4699","targetHints":{"allow":["GET"]}}],"collection":[{"href":"https:\/\/www.englishguru.com\/blog\/tr\/wp-json\/wp\/v2\/pages"}],"about":[{"href":"https:\/\/www.englishguru.com\/blog\/tr\/wp-json\/wp\/v2\/types\/page"}],"author":[{"embeddable":true,"href":"https:\/\/www.englishguru.com\/blog\/tr\/wp-json\/wp\/v2\/users\/1"}],"replies":[{"embeddable":true,"href":"https:\/\/www.englishguru.com\/blog\/tr\/wp-json\/wp\/v2\/comments?post=4699"}],"version-history":[{"count":7,"href":"https:\/\/www.englishguru.com\/blog\/tr\/wp-json\/wp\/v2\/pages\/4699\/revisions"}],"predecessor-version":[{"id":4890,"href":"https:\/\/www.englishguru.com\/blog\/tr\/wp-json\/wp\/v2\/pages\/4699\/revisions\/4890"}],"wp:attachment":[{"href":"https:\/\/www.englishguru.com\/blog\/tr\/wp-json\/wp\/v2\/media?parent=4699"}],"curies":[{"name":"wp","href":"https:\/\/api.w.org\/{rel}","templated":true}]}}